{"id":2036,"date":"2024-04-22T07:17:27","date_gmt":"2024-04-22T07:17:27","guid":{"rendered":"http:\/\/pbs.lt\/veikla\/"},"modified":"2024-07-04T14:55:17","modified_gmt":"2024-07-04T14:55:17","slug":"aktivitate","status":"publish","type":"page","link":"https:\/\/pbs.lt\/lv\/aktivitate\/","title":{"rendered":"Aktivit\u0101te"},"content":{"rendered":"<div class=\"wpb-content-wrapper\"><p>[vc_row full_width=&#8221;stretch_row&#8221; equal_height=&#8221;yes&#8221; content_placement=&#8221;middle&#8221; bg_type=&#8221;image&#8221; parallax_style=&#8221;vcpb-default&#8221; bg_image_new=&#8221;id^1568|url^http:\/\/pbs.lt\/wp-content\/uploads\/2024\/04\/veikla-hero-scaled.jpg|caption^null|alt^null|title^veikla hero|description^null&#8221; bg_image_repeat=&#8221;no-repeat&#8221; css=&#8221;.vc_custom_1720104914217{margin-top: -70px !important;padding-top: 100px !important;padding-bottom: 100px !important;}&#8221; el_class=&#8221;pad-0-mobile&#8221;][vc_column width=&#8221;1\/4&#8243; css=&#8221;.vc_custom_1612900944196{background-position: center !important;background-repeat: no-repeat !important;background-size: cover !important;}&#8221;][\/vc_column][vc_column width=&#8221;1\/2&#8243;][vc_custom_heading text=&#8221;KONSULT\u0100CIJU ST\u0100VI<br \/>\nILGTERMI\u0145A PRAKSE&#8221; font_container=&#8221;tag:h1|text_align:center|color:%23ffffff&#8221; use_theme_fonts=&#8221;yes&#8221; css=&#8221;.vc_custom_1717065492537{margin-bottom: 30px !important;}&#8221;][\/vc_column][vc_column width=&#8221;1\/4&#8243;][\/vc_column][\/vc_row][vc_row][vc_column][vc_column_text]<\/p>\n<p style=\"text-align: center;\"><strong>Progressive Business Solutions (PBS) ir \u012bpa\u0161s uz\u0146\u0113mums<\/strong> \u2013 jo t\u0101 dibin\u0101t\u0101ji un komandas locek\u013ci ir guvu\u0161i re\u0101lu pieredzi ra\u017eo\u0161anas uz\u0146\u0113mumu vad\u012bb\u0101 un uztur pla\u0161u starptautisku uz\u0146\u0113m\u0113jdarb\u012bbas kontaktu t\u012bklu. M\u016bsu pakalpojumi pal\u012bdz uzlabot ra\u017eo\u0161anas efektivit\u0101ti, digitaliz\u0113t ra\u017eo\u0161anas procesus, atrast noder\u012bgus starptautiskos kontaktus, palielin\u0101t eksporta un pas\u016bt\u012bjumu apjomus un piesaist\u012bt finans\u0113jumu.<\/p>\n<p style=\"text-align: center;\"><strong><span style=\"color: #ff0000;\">M\u0113s esam gatavi apm\u0101c\u012bt j\u016bs m\u016bsu komandas lab\u0101kaj\u0101 praks\u0113.<\/span><\/strong><\/p>\n<p>[\/vc_column_text][\/vc_column][\/vc_row][vc_row gap=&#8221;20&#8243; equal_height=&#8221;yes&#8221; css=&#8221;.vc_custom_1716896666217{margin-top: 64px !important;margin-bottom: 64px !important;}&#8221; el_class=&#8221;gray-blocks&#8221;][vc_column width=&#8221;1\/4&#8243; css=&#8221;.vc_custom_1718005343150{background-color: #f5f5fa !important;}&#8221;][vc_custom_heading text=&#8221;Biznesa risin\u0101jumi nozarei&#8221; font_container=&#8221;tag:h2|font_size:28px|text_align:center|line_height:34px&#8221; use_theme_fonts=&#8221;yes&#8221; el_class=&#8221;font-w-400&#8243;][vc_btn title=&#8221;Vair\u0101k&#8221; style=&#8221;outline&#8221; shape=&#8221;square&#8221; color=&#8221;black&#8221; align=&#8221;center&#8221; i_align=&#8221;right&#8221; i_icon_fontawesome=&#8221;fas fa-chevron-right&#8221; add_icon=&#8221;true&#8221; el_class=&#8221;service-btn&#8221; css=&#8221;.vc_custom_1718015248485{margin-top: 18px !important;}&#8221; link=&#8221;url:http%3A%2F%2Fpbs.lt%2Flv%2Fbiznesa-risinajumi-rupniecibai%2F|title:Verslo%20sprendimai%20pramonei&#8221;][\/vc_column][vc_column width=&#8221;1\/4&#8243; css=&#8221;.vc_custom_1718005334698{background-color: #f5f5fa !important;}&#8221;][vc_custom_heading text=&#8221;Iek\u0101rtas&#8221; font_container=&#8221;tag:h2|font_size:28px|text_align:center|line_height:34px&#8221; use_theme_fonts=&#8221;yes&#8221; el_class=&#8221;font-w-400&#8243;][vc_btn title=&#8221;Vair\u0101k&#8221; style=&#8221;outline&#8221; shape=&#8221;square&#8221; color=&#8221;black&#8221; align=&#8221;center&#8221; i_align=&#8221;right&#8221; i_icon_fontawesome=&#8221;fas fa-chevron-right&#8221; add_icon=&#8221;true&#8221; el_class=&#8221;service-btn&#8221; css=&#8221;.vc_custom_1718015306217{margin-top: 18px !important;}&#8221; link=&#8221;url:http%3A%2F%2Fpbs.lt%2Flv%2Fiekartas%2F|title:%C4%AErengimai&#8221;][\/vc_column][vc_column width=&#8221;1\/4&#8243; css=&#8221;.vc_custom_1718005315080{background-color: #f5f5fa !important;}&#8221;][vc_custom_heading text=&#8221;Ra\u017eo\u0161ana&#8221; font_container=&#8221;tag:h2|font_size:28px|text_align:center|line_height:34px&#8221; use_theme_fonts=&#8221;yes&#8221; el_class=&#8221;font-w-400&#8243;][vc_btn title=&#8221;Vair\u0101k&#8221; style=&#8221;outline&#8221; shape=&#8221;square&#8221; color=&#8221;black&#8221; align=&#8221;center&#8221; i_align=&#8221;right&#8221; i_icon_fontawesome=&#8221;fas fa-chevron-right&#8221; add_icon=&#8221;true&#8221; el_class=&#8221;service-btn&#8221; css=&#8221;.vc_custom_1718015188353{margin-top: 18px !important;}&#8221; link=&#8221;url:https%3A%2F%2Fargintaengineering.lt%2Fen%2F|target:_blank&#8221;][\/vc_column][vc_column width=&#8221;1\/4&#8243; css=&#8221;.vc_custom_1718005302195{background-color: #f5f5fa !important;}&#8221;][vc_custom_heading text=&#8221;Ra\u017eo\u0161anas projekti att\u012bst\u012bbu&#8221; font_container=&#8221;tag:h2|font_size:28px|text_align:center|line_height:34px&#8221; use_theme_fonts=&#8221;yes&#8221; el_class=&#8221;font-w-400&#8243; link=&#8221;url:https%3A%2F%2Fwww.investmentpartner.lt%2F|target:_blank&#8221;][vc_btn title=&#8221;Vair\u0101k&#8221; style=&#8221;outline&#8221; shape=&#8221;square&#8221; color=&#8221;black&#8221; align=&#8221;center&#8221; i_align=&#8221;right&#8221; i_icon_fontawesome=&#8221;fas fa-chevron-right&#8221; add_icon=&#8221;true&#8221; el_class=&#8221;service-btn&#8221; css=&#8221;.vc_custom_1718015184187{margin-top: 18px !important;}&#8221; link=&#8221;url:https%3A%2F%2Fwww.investmentpartner.lt%2F|target:_blank&#8221;][\/vc_column][\/vc_row]<\/p>\n<\/div>","protected":false},"excerpt":{"rendered":"<p>[vc_row full_width=&#8221;stretch_row&#8221; equal_height=&#8221;yes&#8221; content_placement=&#8221;middle&#8221; bg_type=&#8221;image&#8221; parallax_style=&#8221;vcpb-default&#8221; bg_image_new=&#8221;id^1568|url^http:\/\/pbs.lt\/wp-content\/uploads\/2024\/04\/veikla-hero-scaled.jpg|caption^null|alt^null|title^veikla hero|description^null&#8221; bg_image_repeat=&#8221;no-repeat&#8221; css=&#8221;.vc_custom_1720104914217{margin-top: -70px !important;padding-top: 100px !important;padding-bottom: 100px !important;}&#8221; el_class=&#8221;pad-0-mobile&#8221;][vc_column width=&#8221;1\/4&#8243; css=&#8221;.vc_custom_1612900944196{background-position: center !important;background-repeat: no-repeat !important;background-size: cover !important;}&#8221;][\/vc_column][vc_column width=&#8221;1\/2&#8243;][vc_custom_heading text=&#8221;KONSULT\u0100CIJU ST\u0100VI ILGTERMI\u0145A PRAKSE&#8221; font_container=&#8221;tag:h1|text_align:center|color:%23ffffff&#8221; use_theme_fonts=&#8221;yes&#8221; css=&#8221;.vc_custom_1717065492537{margin-bottom: 30px !important;}&#8221;][\/vc_column][vc_column width=&#8221;1\/4&#8243;][\/vc_column][\/vc_row][vc_row][vc_column][vc_column_text] Progressive Business Solutions (PBS) ir \u012bpa\u0161s uz\u0146\u0113mums \u2013 jo t\u0101 dibin\u0101t\u0101ji un komandas locek\u013ci ir guvu\u0161i re\u0101lu pieredzi ra\u017eo\u0161anas&hellip;<\/p>\n","protected":false},"author":5,"featured_media":0,"parent":0,"menu_order":0,"comment_status":"closed","ping_status":"closed","template":"","meta":{"_acf_changed":false,"footnotes":""},"class_list":["post-2036","page","type-page","status-publish","hentry","description-off"],"acf":[],"yoast_head":"<!-- This site is optimized with the Yoast SEO plugin v27.1.1 - https:\/\/yoast.com\/product\/yoast-seo-wordpress\/ -->\n<title>Aktivit\u0101te - PBS<\/title>\n<meta name=\"robots\" content=\"index, follow, max-snippet:-1, max-image-preview:large, max-video-preview:-1\" \/>\n<link rel=\"canonical\" href=\"https:\/\/pbs.lt\/lv\/aktivitate\/\" \/>\n<meta property=\"og:locale\" content=\"lv_LV\" \/>\n<meta property=\"og:type\" content=\"article\" \/>\n<meta property=\"og:title\" content=\"Aktivit\u0101te - PBS\" \/>\n<meta property=\"og:description\" content=\"[vc_row full_width=&#8221;stretch_row&#8221; equal_height=&#8221;yes&#8221; content_placement=&#8221;middle&#8221; bg_type=&#8221;image&#8221; parallax_style=&#8221;vcpb-default&#8221; bg_image_new=&#8221;id^1568|url^http:\/\/pbs.lt\/wp-content\/uploads\/2024\/04\/veikla-hero-scaled.jpg|caption^null|alt^null|title^veikla hero|description^null&#8221; bg_image_repeat=&#8221;no-repeat&#8221; css=&#8221;.vc_custom_1720104914217{margin-top: -70px !important;padding-top: 100px !important;padding-bottom: 100px !important;}&#8221; el_class=&#8221;pad-0-mobile&#8221;][vc_column width=&#8221;1\/4&#8243; css=&#8221;.vc_custom_1612900944196{background-position: center !important;background-repeat: no-repeat !important;background-size: cover !important;}&#8221;][\/vc_column][vc_column width=&#8221;1\/2&#8243;][vc_custom_heading text=&#8221;KONSULT\u0100CIJU ST\u0100VI ILGTERMI\u0145A PRAKSE&#8221; font_container=&#8221;tag:h1|text_align:center|color:%23ffffff&#8221; use_theme_fonts=&#8221;yes&#8221; css=&#8221;.vc_custom_1717065492537{margin-bottom: 30px !important;}&#8221;][\/vc_column][vc_column width=&#8221;1\/4&#8243;][\/vc_column][\/vc_row][vc_row][vc_column][vc_column_text] Progressive Business Solutions (PBS) ir \u012bpa\u0161s uz\u0146\u0113mums \u2013 jo t\u0101 dibin\u0101t\u0101ji un komandas locek\u013ci ir guvu\u0161i re\u0101lu pieredzi ra\u017eo\u0161anas&hellip;\" \/>\n<meta property=\"og:url\" content=\"https:\/\/pbs.lt\/lv\/aktivitate\/\" \/>\n<meta property=\"og:site_name\" content=\"PBS\" \/>\n<meta property=\"article:publisher\" content=\"https:\/\/www.facebook.com\/pbslt\" \/>\n<meta property=\"article:modified_time\" content=\"2024-07-04T14:55:17+00:00\" \/>\n<meta property=\"og:image\" content=\"https:\/\/pbs.lt\/wp-content\/uploads\/2021\/02\/pbs.tit_.jpg\" \/>\n\t<meta property=\"og:image:width\" content=\"1920\" \/>\n\t<meta property=\"og:image:height\" content=\"836\" \/>\n\t<meta property=\"og:image:type\" content=\"image\/jpeg\" \/>\n<meta name=\"twitter:card\" content=\"summary_large_image\" \/>\n<meta name=\"twitter:label1\" content=\"Est. reading time\" \/>\n\t<meta name=\"twitter:data1\" content=\"3 minutes\" \/>\n<script type=\"application\/ld+json\" class=\"yoast-schema-graph\">{\"@context\":\"https:\/\/schema.org\",\"@graph\":[{\"@type\":\"WebPage\",\"@id\":\"https:\/\/pbs.lt\/lv\/aktivitate\/\",\"url\":\"https:\/\/pbs.lt\/lv\/aktivitate\/\",\"name\":\"Aktivit\u0101te - PBS\",\"isPartOf\":{\"@id\":\"https:\/\/pbs.lt\/#website\"},\"datePublished\":\"2024-04-22T07:17:27+00:00\",\"dateModified\":\"2024-07-04T14:55:17+00:00\",\"breadcrumb\":{\"@id\":\"https:\/\/pbs.lt\/lv\/aktivitate\/#breadcrumb\"},\"inLanguage\":\"lv-LV\",\"potentialAction\":[{\"@type\":\"ReadAction\",\"target\":[\"https:\/\/pbs.lt\/lv\/aktivitate\/\"]}]},{\"@type\":\"BreadcrumbList\",\"@id\":\"https:\/\/pbs.lt\/lv\/aktivitate\/#breadcrumb\",\"itemListElement\":[{\"@type\":\"ListItem\",\"position\":1,\"name\":\"Home\",\"item\":\"https:\/\/pbs.lt\/lv\/\"},{\"@type\":\"ListItem\",\"position\":2,\"name\":\"Aktivit\u0101te\"}]},{\"@type\":\"WebSite\",\"@id\":\"https:\/\/pbs.lt\/#website\",\"url\":\"https:\/\/pbs.lt\/\",\"name\":\"PBS\",\"description\":\"Konsultacijos verslui \u012fvairiose pramon\u0117s veiklos srityse\",\"publisher\":{\"@id\":\"https:\/\/pbs.lt\/#organization\"},\"potentialAction\":[{\"@type\":\"SearchAction\",\"target\":{\"@type\":\"EntryPoint\",\"urlTemplate\":\"https:\/\/pbs.lt\/?s={search_term_string}\"},\"query-input\":{\"@type\":\"PropertyValueSpecification\",\"valueRequired\":true,\"valueName\":\"search_term_string\"}}],\"inLanguage\":\"lv-LV\"},{\"@type\":\"Organization\",\"@id\":\"https:\/\/pbs.lt\/#organization\",\"name\":\"Progressive Business Solutions\",\"url\":\"https:\/\/pbs.lt\/\",\"logo\":{\"@type\":\"ImageObject\",\"inLanguage\":\"lv-LV\",\"@id\":\"https:\/\/pbs.lt\/#\/schema\/logo\/image\/\",\"url\":\"\",\"contentUrl\":\"\",\"caption\":\"Progressive Business Solutions\"},\"image\":{\"@id\":\"https:\/\/pbs.lt\/#\/schema\/logo\/image\/\"},\"sameAs\":[\"https:\/\/www.facebook.com\/pbslt\",\"https:\/\/www.linkedin.com\/company\/2195023\"]}]}<\/script>\n<!-- \/ Yoast SEO plugin. -->","yoast_head_json":{"title":"Aktivit\u0101te - PBS","robots":{"index":"index","follow":"follow","max-snippet":"max-snippet:-1","max-image-preview":"max-image-preview:large","max-video-preview":"max-video-preview:-1"},"canonical":"https:\/\/pbs.lt\/lv\/aktivitate\/","og_locale":"lv_LV","og_type":"article","og_title":"Aktivit\u0101te - PBS","og_description":"[vc_row full_width=&#8221;stretch_row&#8221; equal_height=&#8221;yes&#8221; content_placement=&#8221;middle&#8221; bg_type=&#8221;image&#8221; parallax_style=&#8221;vcpb-default&#8221; bg_image_new=&#8221;id^1568|url^http:\/\/pbs.lt\/wp-content\/uploads\/2024\/04\/veikla-hero-scaled.jpg|caption^null|alt^null|title^veikla hero|description^null&#8221; bg_image_repeat=&#8221;no-repeat&#8221; css=&#8221;.vc_custom_1720104914217{margin-top: -70px !important;padding-top: 100px !important;padding-bottom: 100px !important;}&#8221; el_class=&#8221;pad-0-mobile&#8221;][vc_column width=&#8221;1\/4&#8243; css=&#8221;.vc_custom_1612900944196{background-position: center !important;background-repeat: no-repeat !important;background-size: cover !important;}&#8221;][\/vc_column][vc_column width=&#8221;1\/2&#8243;][vc_custom_heading text=&#8221;KONSULT\u0100CIJU ST\u0100VI ILGTERMI\u0145A PRAKSE&#8221; font_container=&#8221;tag:h1|text_align:center|color:%23ffffff&#8221; use_theme_fonts=&#8221;yes&#8221; css=&#8221;.vc_custom_1717065492537{margin-bottom: 30px !important;}&#8221;][\/vc_column][vc_column width=&#8221;1\/4&#8243;][\/vc_column][\/vc_row][vc_row][vc_column][vc_column_text] Progressive Business Solutions (PBS) ir \u012bpa\u0161s uz\u0146\u0113mums \u2013 jo t\u0101 dibin\u0101t\u0101ji un komandas locek\u013ci ir guvu\u0161i re\u0101lu pieredzi ra\u017eo\u0161anas&hellip;","og_url":"https:\/\/pbs.lt\/lv\/aktivitate\/","og_site_name":"PBS","article_publisher":"https:\/\/www.facebook.com\/pbslt","article_modified_time":"2024-07-04T14:55:17+00:00","og_image":[{"width":1920,"height":836,"url":"https:\/\/pbs.lt\/wp-content\/uploads\/2021\/02\/pbs.tit_.jpg","type":"image\/jpeg"}],"twitter_card":"summary_large_image","twitter_misc":{"Est. reading time":"3 minutes"},"schema":{"@context":"https:\/\/schema.org","@graph":[{"@type":"WebPage","@id":"https:\/\/pbs.lt\/lv\/aktivitate\/","url":"https:\/\/pbs.lt\/lv\/aktivitate\/","name":"Aktivit\u0101te - PBS","isPartOf":{"@id":"https:\/\/pbs.lt\/#website"},"datePublished":"2024-04-22T07:17:27+00:00","dateModified":"2024-07-04T14:55:17+00:00","breadcrumb":{"@id":"https:\/\/pbs.lt\/lv\/aktivitate\/#breadcrumb"},"inLanguage":"lv-LV","potentialAction":[{"@type":"ReadAction","target":["https:\/\/pbs.lt\/lv\/aktivitate\/"]}]},{"@type":"BreadcrumbList","@id":"https:\/\/pbs.lt\/lv\/aktivitate\/#breadcrumb","itemListElement":[{"@type":"ListItem","position":1,"name":"Home","item":"https:\/\/pbs.lt\/lv\/"},{"@type":"ListItem","position":2,"name":"Aktivit\u0101te"}]},{"@type":"WebSite","@id":"https:\/\/pbs.lt\/#website","url":"https:\/\/pbs.lt\/","name":"PBS","description":"Konsultacijos verslui \u012fvairiose pramon\u0117s veiklos srityse","publisher":{"@id":"https:\/\/pbs.lt\/#organization"},"potentialAction":[{"@type":"SearchAction","target":{"@type":"EntryPoint","urlTemplate":"https:\/\/pbs.lt\/?s={search_term_string}"},"query-input":{"@type":"PropertyValueSpecification","valueRequired":true,"valueName":"search_term_string"}}],"inLanguage":"lv-LV"},{"@type":"Organization","@id":"https:\/\/pbs.lt\/#organization","name":"Progressive Business Solutions","url":"https:\/\/pbs.lt\/","logo":{"@type":"ImageObject","inLanguage":"lv-LV","@id":"https:\/\/pbs.lt\/#\/schema\/logo\/image\/","url":"","contentUrl":"","caption":"Progressive Business Solutions"},"image":{"@id":"https:\/\/pbs.lt\/#\/schema\/logo\/image\/"},"sameAs":["https:\/\/www.facebook.com\/pbslt","https:\/\/www.linkedin.com\/company\/2195023"]}]}},"_links":{"self":[{"href":"https:\/\/pbs.lt\/lv\/wp-json\/wp\/v2\/pages\/2036","targetHints":{"allow":["GET"]}}],"collection":[{"href":"https:\/\/pbs.lt\/lv\/wp-json\/wp\/v2\/pages"}],"about":[{"href":"https:\/\/pbs.lt\/lv\/wp-json\/wp\/v2\/types\/page"}],"author":[{"embeddable":true,"href":"https:\/\/pbs.lt\/lv\/wp-json\/wp\/v2\/users\/5"}],"replies":[{"embeddable":true,"href":"https:\/\/pbs.lt\/lv\/wp-json\/wp\/v2\/comments?post=2036"}],"version-history":[{"count":5,"href":"https:\/\/pbs.lt\/lv\/wp-json\/wp\/v2\/pages\/2036\/revisions"}],"predecessor-version":[{"id":2444,"href":"https:\/\/pbs.lt\/lv\/wp-json\/wp\/v2\/pages\/2036\/revisions\/2444"}],"wp:attachment":[{"href":"https:\/\/pbs.lt\/lv\/wp-json\/wp\/v2\/media?parent=2036"}],"curies":[{"name":"wp","href":"https:\/\/api.w.org\/{rel}","templated":true}]}}