{"id":1185,"date":"2023-09-25T11:50:26","date_gmt":"2023-09-25T11:50:26","guid":{"rendered":"http:\/\/pbs.lt\/susisiekite\/"},"modified":"2023-09-25T11:50:26","modified_gmt":"2023-09-25T11:50:26","slug":"sazinies-ar-mums","status":"publish","type":"page","link":"https:\/\/pbs.lt\/lv\/sazinies-ar-mums\/","title":{"rendered":"Sazinies ar mums"},"content":{"rendered":"<div class=\"wpb-content-wrapper\"><p>[vc_row equal_height=&#8221;yes&#8221; content_placement=&#8221;middle&#8221;][vc_column width=&#8221;1\/2&#8243;][vc_single_image image=&#8221;108&#8243; img_size=&#8221;550&#215;520&#8243; lazy_loading=&#8221;true&#8221;][\/vc_column][vc_column width=&#8221;1\/2&#8243;][vc_column_text]<strong>Aizpildiet veidlapu, un m\u0113s dr\u012bz sazin\u0101simies ar jums.<\/strong>[\/vc_column_text]\n<div class=\"wpcf7 no-js\" id=\"wpcf7-f520-o1\" lang=\"en-US\" dir=\"ltr\" data-wpcf7-id=\"520\">\n<div class=\"screen-reader-response\"><p role=\"status\" aria-live=\"polite\" aria-atomic=\"true\"><\/p> <ul><\/ul><\/div>\n<form action=\"\/lv\/wp-json\/wp\/v2\/pages\/1185#wpcf7-f520-o1\" method=\"post\" class=\"wpcf7-form init\" aria-label=\"Contact form\" novalidate=\"novalidate\" data-status=\"init\">\n<fieldset class=\"hidden-fields-container\"><input type=\"hidden\" name=\"_wpcf7\" value=\"520\" \/><input type=\"hidden\" name=\"_wpcf7_version\" value=\"6.1.5\" \/><input type=\"hidden\" name=\"_wpcf7_locale\" value=\"en_US\" \/><input type=\"hidden\" name=\"_wpcf7_unit_tag\" value=\"wpcf7-f520-o1\" \/><input type=\"hidden\" name=\"_wpcf7_container_post\" value=\"0\" \/><input type=\"hidden\" name=\"_wpcf7_posted_data_hash\" value=\"\" \/><input type=\"hidden\" name=\"_wpcf7_recaptcha_response\" value=\"\" \/>\n<\/fieldset>\n<p><label> J\u016bs\u0173 vardas<br \/>\n<span class=\"wpcf7-form-control-wrap\" data-name=\"your-name\"><input size=\"40\" maxlength=\"400\" class=\"wpcf7-form-control wpcf7-text wpcf7-validates-as-required\" aria-required=\"true\" aria-invalid=\"false\" value=\"\" type=\"text\" name=\"your-name\" \/><\/span> <\/label>\n<\/p>\n<p><label> J\u016bs\u0173 el. pa\u0161tas<br \/>\n<span class=\"wpcf7-form-control-wrap\" data-name=\"your-email\"><input size=\"40\" maxlength=\"400\" class=\"wpcf7-form-control wpcf7-email wpcf7-validates-as-required wpcf7-text wpcf7-validates-as-email\" aria-required=\"true\" aria-invalid=\"false\" value=\"\" type=\"email\" name=\"your-email\" \/><\/span> <\/label>\n<\/p>\n<p><label> J\u016bs\u0173 tel. nr.<br \/>\n<span class=\"wpcf7-form-control-wrap\" data-name=\"tel-471\"><input size=\"40\" maxlength=\"400\" class=\"wpcf7-form-control wpcf7-tel wpcf7-validates-as-required wpcf7-text wpcf7-validates-as-tel\" aria-required=\"true\" aria-invalid=\"false\" value=\"\" type=\"tel\" name=\"tel-471\" \/><\/span><\/label>\n<\/p>\n<p><label> \u012emon\u0117s pavadinimas<br \/>\n<span class=\"wpcf7-form-control-wrap\" data-name=\"company\"><input size=\"40\" maxlength=\"400\" class=\"wpcf7-form-control wpcf7-text wpcf7-validates-as-required\" aria-required=\"true\" aria-invalid=\"false\" value=\"\" type=\"text\" name=\"company\" \/><\/span> <\/label>\n<\/p>\n<p><span class=\"wpcf7-form-control-wrap\" data-name=\"acceptance-959\"><span class=\"wpcf7-form-control wpcf7-acceptance\"><span class=\"wpcf7-list-item\"><input type=\"checkbox\" name=\"acceptance-959\" value=\"1\" aria-invalid=\"false\" \/><\/span><\/span><\/span> Sutinku su <a href=\"\/privatumo-politika\/\" target=\"_blank\">privatumo politika<\/a>\n<\/p>\n<p><input class=\"wpcf7-form-control wpcf7-submit has-spinner\" type=\"submit\" value=\"Si\u0173sti\" \/>\n<\/p><div class=\"wpcf7-response-output\" aria-hidden=\"true\"><\/div>\n<\/form>\n<\/div>\n[\/vc_column][\/vc_row]<\/p>\n<\/div>","protected":false},"excerpt":{"rendered":"<p>[vc_row equal_height=&#8221;yes&#8221; content_placement=&#8221;middle&#8221;][vc_column width=&#8221;1\/2&#8243;][vc_single_image image=&#8221;108&#8243; img_size=&#8221;550&#215;520&#8243; lazy_loading=&#8221;true&#8221;][\/vc_column][vc_column width=&#8221;1\/2&#8243;][vc_column_text]Aizpildiet veidlapu, un m\u0113s dr\u012bz sazin\u0101simies ar jums.[\/vc_column_text][\/vc_column][\/vc_row]<\/p>\n","protected":false},"author":1,"featured_media":0,"parent":0,"menu_order":0,"comment_status":"closed","ping_status":"closed","template":"","meta":{"_acf_changed":false,"footnotes":""},"class_list":["post-1185","page","type-page","status-publish","hentry","description-off"],"acf":[],"yoast_head":"<!-- This site is optimized with the Yoast SEO plugin v27.1.1 - https:\/\/yoast.com\/product\/yoast-seo-wordpress\/ -->\n<title>Sazinies ar mums - PBS<\/title>\n<meta name=\"robots\" content=\"index, follow, max-snippet:-1, max-image-preview:large, max-video-preview:-1\" \/>\n<link rel=\"canonical\" href=\"https:\/\/pbs.lt\/lv\/sazinies-ar-mums\/\" \/>\n<meta property=\"og:locale\" content=\"lv_LV\" \/>\n<meta property=\"og:type\" content=\"article\" \/>\n<meta property=\"og:title\" content=\"Sazinies ar mums - PBS\" \/>\n<meta property=\"og:description\" content=\"[vc_row equal_height=&#8221;yes&#8221; content_placement=&#8221;middle&#8221;][vc_column width=&#8221;1\/2&#8243;][vc_single_image image=&#8221;108&#8243; img_size=&#8221;550&#215;520&#8243; lazy_loading=&#8221;true&#8221;][\/vc_column][vc_column width=&#8221;1\/2&#8243;][vc_column_text]Aizpildiet veidlapu, un m\u0113s dr\u012bz sazin\u0101simies ar jums.[\/vc_column_text][\/vc_column][\/vc_row]\" \/>\n<meta property=\"og:url\" content=\"https:\/\/pbs.lt\/lv\/sazinies-ar-mums\/\" \/>\n<meta property=\"og:site_name\" content=\"PBS\" \/>\n<meta property=\"article:publisher\" content=\"https:\/\/www.facebook.com\/pbslt\" \/>\n<meta property=\"og:image\" content=\"https:\/\/pbs.lt\/wp-content\/uploads\/2021\/02\/pbs.tit_.jpg\" \/>\n\t<meta property=\"og:image:width\" content=\"1920\" \/>\n\t<meta property=\"og:image:height\" content=\"836\" \/>\n\t<meta property=\"og:image:type\" content=\"image\/jpeg\" \/>\n<meta name=\"twitter:card\" content=\"summary_large_image\" \/>\n<meta name=\"twitter:label1\" content=\"Est. reading time\" \/>\n\t<meta name=\"twitter:data1\" content=\"1 minute\" \/>\n<script type=\"application\/ld+json\" class=\"yoast-schema-graph\">{\"@context\":\"https:\/\/schema.org\",\"@graph\":[{\"@type\":\"WebPage\",\"@id\":\"https:\/\/pbs.lt\/lv\/sazinies-ar-mums\/\",\"url\":\"https:\/\/pbs.lt\/lv\/sazinies-ar-mums\/\",\"name\":\"Sazinies ar mums - PBS\",\"isPartOf\":{\"@id\":\"https:\/\/pbs.lt\/#website\"},\"datePublished\":\"2023-09-25T11:50:26+00:00\",\"breadcrumb\":{\"@id\":\"https:\/\/pbs.lt\/lv\/sazinies-ar-mums\/#breadcrumb\"},\"inLanguage\":\"lv-LV\",\"potentialAction\":[{\"@type\":\"ReadAction\",\"target\":[\"https:\/\/pbs.lt\/lv\/sazinies-ar-mums\/\"]}]},{\"@type\":\"BreadcrumbList\",\"@id\":\"https:\/\/pbs.lt\/lv\/sazinies-ar-mums\/#breadcrumb\",\"itemListElement\":[{\"@type\":\"ListItem\",\"position\":1,\"name\":\"Home\",\"item\":\"https:\/\/pbs.lt\/lv\/\"},{\"@type\":\"ListItem\",\"position\":2,\"name\":\"Sazinies ar mums\"}]},{\"@type\":\"WebSite\",\"@id\":\"https:\/\/pbs.lt\/#website\",\"url\":\"https:\/\/pbs.lt\/\",\"name\":\"PBS\",\"description\":\"Konsultacijos verslui \u012fvairiose pramon\u0117s veiklos srityse\",\"publisher\":{\"@id\":\"https:\/\/pbs.lt\/#organization\"},\"potentialAction\":[{\"@type\":\"SearchAction\",\"target\":{\"@type\":\"EntryPoint\",\"urlTemplate\":\"https:\/\/pbs.lt\/?s={search_term_string}\"},\"query-input\":{\"@type\":\"PropertyValueSpecification\",\"valueRequired\":true,\"valueName\":\"search_term_string\"}}],\"inLanguage\":\"lv-LV\"},{\"@type\":\"Organization\",\"@id\":\"https:\/\/pbs.lt\/#organization\",\"name\":\"Progressive Business Solutions\",\"url\":\"https:\/\/pbs.lt\/\",\"logo\":{\"@type\":\"ImageObject\",\"inLanguage\":\"lv-LV\",\"@id\":\"https:\/\/pbs.lt\/#\/schema\/logo\/image\/\",\"url\":\"\",\"contentUrl\":\"\",\"caption\":\"Progressive Business Solutions\"},\"image\":{\"@id\":\"https:\/\/pbs.lt\/#\/schema\/logo\/image\/\"},\"sameAs\":[\"https:\/\/www.facebook.com\/pbslt\",\"https:\/\/www.linkedin.com\/company\/2195023\"]}]}<\/script>\n<!-- \/ Yoast SEO plugin. -->","yoast_head_json":{"title":"Sazinies ar mums - PBS","robots":{"index":"index","follow":"follow","max-snippet":"max-snippet:-1","max-image-preview":"max-image-preview:large","max-video-preview":"max-video-preview:-1"},"canonical":"https:\/\/pbs.lt\/lv\/sazinies-ar-mums\/","og_locale":"lv_LV","og_type":"article","og_title":"Sazinies ar mums - PBS","og_description":"[vc_row equal_height=&#8221;yes&#8221; content_placement=&#8221;middle&#8221;][vc_column width=&#8221;1\/2&#8243;][vc_single_image image=&#8221;108&#8243; img_size=&#8221;550&#215;520&#8243; lazy_loading=&#8221;true&#8221;][\/vc_column][vc_column width=&#8221;1\/2&#8243;][vc_column_text]Aizpildiet veidlapu, un m\u0113s dr\u012bz sazin\u0101simies ar jums.[\/vc_column_text][\/vc_column][\/vc_row]","og_url":"https:\/\/pbs.lt\/lv\/sazinies-ar-mums\/","og_site_name":"PBS","article_publisher":"https:\/\/www.facebook.com\/pbslt","og_image":[{"width":1920,"height":836,"url":"https:\/\/pbs.lt\/wp-content\/uploads\/2021\/02\/pbs.tit_.jpg","type":"image\/jpeg"}],"twitter_card":"summary_large_image","twitter_misc":{"Est. reading time":"1 minute"},"schema":{"@context":"https:\/\/schema.org","@graph":[{"@type":"WebPage","@id":"https:\/\/pbs.lt\/lv\/sazinies-ar-mums\/","url":"https:\/\/pbs.lt\/lv\/sazinies-ar-mums\/","name":"Sazinies ar mums - PBS","isPartOf":{"@id":"https:\/\/pbs.lt\/#website"},"datePublished":"2023-09-25T11:50:26+00:00","breadcrumb":{"@id":"https:\/\/pbs.lt\/lv\/sazinies-ar-mums\/#breadcrumb"},"inLanguage":"lv-LV","potentialAction":[{"@type":"ReadAction","target":["https:\/\/pbs.lt\/lv\/sazinies-ar-mums\/"]}]},{"@type":"BreadcrumbList","@id":"https:\/\/pbs.lt\/lv\/sazinies-ar-mums\/#breadcrumb","itemListElement":[{"@type":"ListItem","position":1,"name":"Home","item":"https:\/\/pbs.lt\/lv\/"},{"@type":"ListItem","position":2,"name":"Sazinies ar mums"}]},{"@type":"WebSite","@id":"https:\/\/pbs.lt\/#website","url":"https:\/\/pbs.lt\/","name":"PBS","description":"Konsultacijos verslui \u012fvairiose pramon\u0117s veiklos srityse","publisher":{"@id":"https:\/\/pbs.lt\/#organization"},"potentialAction":[{"@type":"SearchAction","target":{"@type":"EntryPoint","urlTemplate":"https:\/\/pbs.lt\/?s={search_term_string}"},"query-input":{"@type":"PropertyValueSpecification","valueRequired":true,"valueName":"search_term_string"}}],"inLanguage":"lv-LV"},{"@type":"Organization","@id":"https:\/\/pbs.lt\/#organization","name":"Progressive Business Solutions","url":"https:\/\/pbs.lt\/","logo":{"@type":"ImageObject","inLanguage":"lv-LV","@id":"https:\/\/pbs.lt\/#\/schema\/logo\/image\/","url":"","contentUrl":"","caption":"Progressive Business Solutions"},"image":{"@id":"https:\/\/pbs.lt\/#\/schema\/logo\/image\/"},"sameAs":["https:\/\/www.facebook.com\/pbslt","https:\/\/www.linkedin.com\/company\/2195023"]}]}},"_links":{"self":[{"href":"https:\/\/pbs.lt\/lv\/wp-json\/wp\/v2\/pages\/1185","targetHints":{"allow":["GET"]}}],"collection":[{"href":"https:\/\/pbs.lt\/lv\/wp-json\/wp\/v2\/pages"}],"about":[{"href":"https:\/\/pbs.lt\/lv\/wp-json\/wp\/v2\/types\/page"}],"author":[{"embeddable":true,"href":"https:\/\/pbs.lt\/lv\/wp-json\/wp\/v2\/users\/1"}],"replies":[{"embeddable":true,"href":"https:\/\/pbs.lt\/lv\/wp-json\/wp\/v2\/comments?post=1185"}],"version-history":[{"count":3,"href":"https:\/\/pbs.lt\/lv\/wp-json\/wp\/v2\/pages\/1185\/revisions"}],"predecessor-version":[{"id":1188,"href":"https:\/\/pbs.lt\/lv\/wp-json\/wp\/v2\/pages\/1185\/revisions\/1188"}],"wp:attachment":[{"href":"https:\/\/pbs.lt\/lv\/wp-json\/wp\/v2\/media?parent=1185"}],"curies":[{"name":"wp","href":"https:\/\/api.w.org\/{rel}","templated":true}]}}