{"id":1163,"date":"2023-09-25T11:50:28","date_gmt":"2023-09-25T11:50:28","guid":{"rendered":"http:\/\/pbs.lt\/pakalpojumi\/klientu-ir-tiekeju-paieska\/"},"modified":"2023-09-25T11:50:28","modified_gmt":"2023-09-25T11:50:28","slug":"mes-stradajam-kopa-lai-atrastu-pareizos-klientus-un-piegadatajus","status":"publish","type":"page","link":"https:\/\/pbs.lt\/lv\/pakalpojumi\/mes-stradajam-kopa-lai-atrastu-pareizos-klientus-un-piegadatajus\/","title":{"rendered":"M\u0113s str\u0101d\u0101jam kop\u0101, lai atrastu pareizos klientus un pieg\u0101d\u0101t\u0101jus"},"content":{"rendered":"<div class=\"wpb-content-wrapper\"><p>[vc_row full_width=&#8221;stretch_row&#8221; equal_height=&#8221;yes&#8221; content_placement=&#8221;middle&#8221; bg_type=&#8221;image&#8221; parallax_style=&#8221;vcpb-default&#8221; bg_image_new=&#8221;id^600|url^http:\/\/pbs.lt\/wp-content\/uploads\/2021\/02\/Untitled-design-2021-02-28T103123.277.png|caption^null|alt^null|title^Untitled design &#8211; 2021-02-28T103123.277|description^null&#8221; bg_image_repeat=&#8221;no-repeat&#8221; enable_overlay=&#8221;enable_overlay_value&#8221; overlay_color=&#8221;rgba(0,0,0,0.65)&#8221; css=&#8221;.vc_custom_1614503265097{margin-top: -70px !important;padding-top: 100px !important;padding-bottom: 100px !important;}&#8221;][vc_column width=&#8221;1\/4&#8243; css=&#8221;.vc_custom_1612900944196{background-position: center !important;background-repeat: no-repeat !important;background-size: cover !important;}&#8221;][\/vc_column][vc_column width=&#8221;1\/2&#8243;][vc_custom_heading text=&#8221;M\u0113s str\u0101d\u0101jam kop\u0101, lai atrastu pareizos klientus un pieg\u0101d\u0101t\u0101jus&#8221; font_container=&#8221;tag:h1|text_align:center|color:%23ffffff&#8221; use_theme_fonts=&#8221;yes&#8221; css=&#8221;.vc_custom_1619607603548{margin-bottom: 30px !important;}&#8221;][\/vc_column][vc_column width=&#8221;1\/4&#8243;][\/vc_column][\/vc_row][vc_row css=&#8221;.vc_custom_1612901504735{margin-top: 20px !important;}&#8221;][vc_column][vc_column_text]<\/p>\n<p style=\"text-align: center;\">Uz\u0146\u0113mumam, kas dom\u0101 par izaugsmi, ir \u013coti svar\u012bgi mekl\u0113t jaunus uz\u0146\u0113m\u0113jdarb\u012bbas kontaktus. Pateicoties PBS pla\u0161ajam partneru lokam, klientiem ir daudz iesp\u0113ju veidot sadarb\u012bbu ar starptautiskiem tirgus l\u012bderiem. Visu PBS \u0101rvalstu partneru kop\u0113jais gada apgroz\u012bjums m\u0113r\u0101ms desmitos miljardu eiro.<\/p>\n<p>[\/vc_column_text][vc_separator css=&#8221;.vc_custom_1612901492403{margin-top: 50px !important;}&#8221;][\/vc_column][\/vc_row][vc_row equal_height=&#8221;yes&#8221; content_placement=&#8221;middle&#8221;][vc_column width=&#8221;1\/4&#8243; css=&#8221;.vc_custom_1614114794809{border-right-width: 1px !important;border-right-color: #ededed !important;border-right-style: solid !important;}&#8221;][vc_single_image image=&#8221;820&#8243; img_size=&#8221;full&#8221; alignment=&#8221;center&#8221;][vc_column_text]<\/p>\n<p style=\"text-align: center;\"><strong>Attiec\u012bbu veido\u0161ana ar potenci\u0101lajiem<\/strong><br \/>\n<strong>uz\u0146\u0113muma klientiem<\/strong><\/p>\n<p>[\/vc_column_text][\/vc_column][vc_column width=&#8221;1\/4&#8243; css=&#8221;.vc_custom_1614114956145{border-right-width: 1px !important;border-right-color: #ededed !important;border-right-style: solid !important;}&#8221;][vc_single_image image=&#8221;804&#8243; img_size=&#8221;full&#8221; alignment=&#8221;center&#8221;][vc_column_text]<\/p>\n<p style=\"text-align: center;\"><strong>Pirc\u0113ju un klientu<\/strong><br \/>\n<strong>p\u0101rst\u0101vniec\u012bba<\/strong><\/p>\n<p>[\/vc_column_text][\/vc_column][vc_column width=&#8221;1\/4&#8243; css=&#8221;.vc_custom_1614114869478{border-right-width: 1px !important;border-right-color: #ededed !important;border-right-style: solid !important;}&#8221;][vc_single_image image=&#8221;823&#8243; img_size=&#8221;full&#8221; alignment=&#8221;center&#8221;][vc_column_text]<\/p>\n<p style=\"text-align: center;\"><strong>Uz\u0146\u0113m\u0113jdarb\u012bbas att\u012bst\u012bba \u0101rvalstu tirgos\u00a0\u2013 eksporta izaugsme<\/strong><\/p>\n<p>[\/vc_column_text][\/vc_column][vc_column width=&#8221;1\/4&#8243; css=&#8221;.vc_custom_1614115130108{padding-top: 35px !important;}&#8221;][vc_single_image image=&#8221;826&#8243; img_size=&#8221;full&#8221; alignment=&#8221;center&#8221;][vc_column_text]<\/p>\n<p style=\"text-align: center;\"><strong>Zin\u0101\u0161anu apmai\u0146a<\/strong><br \/>\n<strong>starp da\u017e\u0101diem ra\u017eo\u0161anas uz\u0146\u0113mumiem<\/strong><\/p>\n<p>[\/vc_column_text][\/vc_column][\/vc_row][vc_row full_width=&#8221;stretch_row&#8221; css=&#8221;.vc_custom_1612990777308{margin-top: 30px !important;padding-top: 40px !important;padding-bottom: 50px !important;background-color: #121212 !important;}&#8221;][vc_column width=&#8221;1\/4&#8243;][\/vc_column][vc_column width=&#8221;1\/2&#8243;][vc_custom_heading text=&#8221;K\u0101p\u0113c m\u0113s?&#8221; font_container=&#8221;tag:h2|text_align:center|color:%23ffffff&#8221; use_theme_fonts=&#8221;yes&#8221; css=&#8221;.vc_custom_1619607277060{margin-bottom: 30px !important;}&#8221;][vc_column_text el_class=&#8221;white&#8221;]<\/p>\n<p style=\"text-align: center;\">PBS komanda ir lielu Rietumeiropas un Skandin\u0101vijas ra\u017eo\u0161anas uz\u0146\u0113mumu ilgtermi\u0146a partneris. \u0160ie uz\u0146\u0113mumi vienm\u0113r mekl\u0113 pieg\u0101d\u0101t\u0101jus ra\u017eo\u0161anas pas\u016bt\u012bjumu izpildei. Sadarbojoties ar mums, jums b\u016bs piek\u013cuve Rietumeiropas un Skandin\u0101vijas ra\u017eo\u0161anas uz\u0146\u0113mumu augst\u0101k\u0101 l\u012bme\u0146a vad\u012bt\u0101jiem, un l\u012bdz ar to iesp\u0113ja sa\u0146emt pas\u016bt\u012bjumus.<\/p>\n<p>[\/vc_column_text][\/vc_column][vc_column width=&#8221;1\/4&#8243;][\/vc_column][\/vc_row][vc_row full_width=&#8221;stretch_row&#8221; css=&#8221;.vc_custom_1614115939668{margin-top: 30px !important;padding-top: 40px !important;padding-bottom: 50px !important;background-color: #ebebeb !important;}&#8221;][vc_column width=&#8221;1\/4&#8243;][\/vc_column][vc_column width=&#8221;1\/2&#8243;][vc_custom_heading text=&#8221;Pan\u0101kumu st\u0101sts<br \/>\n&#8221; font_container=&#8221;tag:h2|text_align:center&#8221; use_theme_fonts=&#8221;yes&#8221; css=&#8221;.vc_custom_1619607341447{margin-bottom: 30px !important;}&#8221;][vc_column_text]<\/p>\n<p style=\"text-align: center;\">Arginta Engineering reorganiz\u0101cija tika \u012bstenota, izmantojot visus PBS pied\u0101v\u0101tos r\u012bkus: piln\u012bb\u0101 digitaliz\u0113tus procesus, uzlabotu darb\u012bbas efektivit\u0101ti uz\u0146\u0113muma l\u012bmen\u012b un pal\u012bdz\u012bbu piem\u0113rotu klientu un pieg\u0101d\u0101t\u0101ju atra\u0161an\u0101. Pateicoties reorganiz\u0101cijai, uz\u0146\u0113muma eksporta apjoms kop\u0161 2015. gada ir pieaudzis vair\u0101k nek\u0101 20\u00a0reizes.<\/p>\n<p>[\/vc_column_text][vc_single_image image=&#8221;889&#8243; img_size=&#8221;medium&#8221; alignment=&#8221;center&#8221; onclick=&#8221;custom_link&#8221; link=&#8221;https:\/\/argintaengineering.lt\/&#8221;][\/vc_column][vc_column width=&#8221;1\/4&#8243;][\/vc_column][\/vc_row][vc_row][vc_column width=&#8221;1\/6&#8243;][\/vc_column][vc_column width=&#8221;2\/3&#8243;]<style type=\"text\/css\" data-type=\"the7_shortcodes-inline-css\">#default-btn-0868b530feaaf68362914a3e2697616e.ico-right-side > i {\n  margin-right: 0px;\n  margin-left: 8px;\n}\n#default-btn-0868b530feaaf68362914a3e2697616e > i {\n  margin-right: 8px;\n}\n<\/style><div class=\"btn-align-center\"><a href=\"http:\/\/pbs.lt\/susisiekite\/\" class=\"default-btn-shortcode dt-btn dt-btn-l fadeInUp animate-element animation-builder link-hover-off  vc_custom_1619607578903\" id=\"default-btn-0868b530feaaf68362914a3e2697616e\" title=\"Susisiekite\"><span>Sazinieties ar mums<\/span><\/a><\/div>[\/vc_column][vc_column width=&#8221;1\/6&#8243;][\/vc_column][\/vc_row]<\/p>\n<\/div>","protected":false},"excerpt":{"rendered":"<p>[vc_row full_width=&#8221;stretch_row&#8221; equal_height=&#8221;yes&#8221; content_placement=&#8221;middle&#8221; bg_type=&#8221;image&#8221; parallax_style=&#8221;vcpb-default&#8221; bg_image_new=&#8221;id^600|url^http:\/\/pbs.lt\/wp-content\/uploads\/2021\/02\/Untitled-design-2021-02-28T103123.277.png|caption^null|alt^null|title^Untitled design &#8211; 2021-02-28T103123.277|description^null&#8221; bg_image_repeat=&#8221;no-repeat&#8221; enable_overlay=&#8221;enable_overlay_value&#8221; overlay_color=&#8221;rgba(0,0,0,0.65)&#8221; css=&#8221;.vc_custom_1614503265097{margin-top: -70px !important;padding-top: 100px !important;padding-bottom: 100px !important;}&#8221;][vc_column width=&#8221;1\/4&#8243; css=&#8221;.vc_custom_1612900944196{background-position: center !important;background-repeat: no-repeat !important;background-size: cover !important;}&#8221;][\/vc_column][vc_column width=&#8221;1\/2&#8243;][vc_custom_heading text=&#8221;M\u0113s str\u0101d\u0101jam kop\u0101, lai atrastu pareizos klientus un pieg\u0101d\u0101t\u0101jus&#8221; font_container=&#8221;tag:h1|text_align:center|color:%23ffffff&#8221; use_theme_fonts=&#8221;yes&#8221; css=&#8221;.vc_custom_1619607603548{margin-bottom: 30px !important;}&#8221;][\/vc_column][vc_column width=&#8221;1\/4&#8243;][\/vc_column][\/vc_row][vc_row css=&#8221;.vc_custom_1612901504735{margin-top: 20px !important;}&#8221;][vc_column][vc_column_text] Uz\u0146\u0113mumam, kas dom\u0101 par izaugsmi, ir \u013coti svar\u012bgi&hellip;<\/p>\n","protected":false},"author":1,"featured_media":0,"parent":1152,"menu_order":0,"comment_status":"closed","ping_status":"closed","template":"","meta":{"_acf_changed":false,"footnotes":""},"class_list":["post-1163","page","type-page","status-publish","hentry","description-off"],"acf":[],"yoast_head":"<!-- This site is optimized with the Yoast SEO plugin v27.1.1 - https:\/\/yoast.com\/product\/yoast-seo-wordpress\/ -->\n<title>M\u0113s str\u0101d\u0101jam kop\u0101, lai atrastu pareizos klientus un pieg\u0101d\u0101t\u0101jus - PBS<\/title>\n<meta name=\"robots\" content=\"index, follow, max-snippet:-1, max-image-preview:large, max-video-preview:-1\" \/>\n<link rel=\"canonical\" href=\"https:\/\/pbs.lt\/lv\/pakalpojumi\/mes-stradajam-kopa-lai-atrastu-pareizos-klientus-un-piegadatajus\/\" \/>\n<meta property=\"og:locale\" content=\"lv_LV\" \/>\n<meta property=\"og:type\" content=\"article\" \/>\n<meta property=\"og:title\" content=\"M\u0113s str\u0101d\u0101jam kop\u0101, lai atrastu pareizos klientus un pieg\u0101d\u0101t\u0101jus - PBS\" \/>\n<meta property=\"og:description\" content=\"[vc_row full_width=&#8221;stretch_row&#8221; equal_height=&#8221;yes&#8221; content_placement=&#8221;middle&#8221; bg_type=&#8221;image&#8221; parallax_style=&#8221;vcpb-default&#8221; bg_image_new=&#8221;id^600|url^http:\/\/pbs.lt\/wp-content\/uploads\/2021\/02\/Untitled-design-2021-02-28T103123.277.png|caption^null|alt^null|title^Untitled design &#8211; 2021-02-28T103123.277|description^null&#8221; bg_image_repeat=&#8221;no-repeat&#8221; enable_overlay=&#8221;enable_overlay_value&#8221; overlay_color=&#8221;rgba(0,0,0,0.65)&#8221; css=&#8221;.vc_custom_1614503265097{margin-top: -70px !important;padding-top: 100px !important;padding-bottom: 100px !important;}&#8221;][vc_column width=&#8221;1\/4&#8243; css=&#8221;.vc_custom_1612900944196{background-position: center !important;background-repeat: no-repeat !important;background-size: cover !important;}&#8221;][\/vc_column][vc_column width=&#8221;1\/2&#8243;][vc_custom_heading text=&#8221;M\u0113s str\u0101d\u0101jam kop\u0101, lai atrastu pareizos klientus un pieg\u0101d\u0101t\u0101jus&#8221; font_container=&#8221;tag:h1|text_align:center|color:%23ffffff&#8221; use_theme_fonts=&#8221;yes&#8221; css=&#8221;.vc_custom_1619607603548{margin-bottom: 30px !important;}&#8221;][\/vc_column][vc_column width=&#8221;1\/4&#8243;][\/vc_column][\/vc_row][vc_row css=&#8221;.vc_custom_1612901504735{margin-top: 20px !important;}&#8221;][vc_column][vc_column_text] Uz\u0146\u0113mumam, kas dom\u0101 par izaugsmi, ir \u013coti svar\u012bgi&hellip;\" \/>\n<meta property=\"og:url\" content=\"https:\/\/pbs.lt\/lv\/pakalpojumi\/mes-stradajam-kopa-lai-atrastu-pareizos-klientus-un-piegadatajus\/\" \/>\n<meta property=\"og:site_name\" content=\"PBS\" \/>\n<meta property=\"article:publisher\" content=\"https:\/\/www.facebook.com\/pbslt\" \/>\n<meta property=\"og:image\" content=\"https:\/\/pbs.lt\/wp-content\/uploads\/2021\/02\/pbs.tit_.jpg\" \/>\n\t<meta property=\"og:image:width\" content=\"1920\" \/>\n\t<meta property=\"og:image:height\" content=\"836\" \/>\n\t<meta property=\"og:image:type\" content=\"image\/jpeg\" \/>\n<meta name=\"twitter:card\" content=\"summary_large_image\" \/>\n<meta name=\"twitter:label1\" content=\"Est. reading time\" \/>\n\t<meta name=\"twitter:data1\" content=\"2 minutes\" \/>\n<script type=\"application\/ld+json\" class=\"yoast-schema-graph\">{\"@context\":\"https:\/\/schema.org\",\"@graph\":[{\"@type\":\"WebPage\",\"@id\":\"https:\/\/pbs.lt\/lv\/pakalpojumi\/mes-stradajam-kopa-lai-atrastu-pareizos-klientus-un-piegadatajus\/\",\"url\":\"https:\/\/pbs.lt\/lv\/pakalpojumi\/mes-stradajam-kopa-lai-atrastu-pareizos-klientus-un-piegadatajus\/\",\"name\":\"M\u0113s str\u0101d\u0101jam kop\u0101, lai atrastu pareizos klientus un pieg\u0101d\u0101t\u0101jus - PBS\",\"isPartOf\":{\"@id\":\"https:\/\/pbs.lt\/#website\"},\"datePublished\":\"2023-09-25T11:50:28+00:00\",\"breadcrumb\":{\"@id\":\"https:\/\/pbs.lt\/lv\/pakalpojumi\/mes-stradajam-kopa-lai-atrastu-pareizos-klientus-un-piegadatajus\/#breadcrumb\"},\"inLanguage\":\"lv-LV\",\"potentialAction\":[{\"@type\":\"ReadAction\",\"target\":[\"https:\/\/pbs.lt\/lv\/pakalpojumi\/mes-stradajam-kopa-lai-atrastu-pareizos-klientus-un-piegadatajus\/\"]}]},{\"@type\":\"BreadcrumbList\",\"@id\":\"https:\/\/pbs.lt\/lv\/pakalpojumi\/mes-stradajam-kopa-lai-atrastu-pareizos-klientus-un-piegadatajus\/#breadcrumb\",\"itemListElement\":[{\"@type\":\"ListItem\",\"position\":1,\"name\":\"Home\",\"item\":\"https:\/\/pbs.lt\/lv\/\"},{\"@type\":\"ListItem\",\"position\":2,\"name\":\"Pakalpojumi\",\"item\":\"https:\/\/pbs.lt\/lv\/pakalpojumi\/\"},{\"@type\":\"ListItem\",\"position\":3,\"name\":\"M\u0113s str\u0101d\u0101jam kop\u0101, lai atrastu pareizos klientus un pieg\u0101d\u0101t\u0101jus\"}]},{\"@type\":\"WebSite\",\"@id\":\"https:\/\/pbs.lt\/#website\",\"url\":\"https:\/\/pbs.lt\/\",\"name\":\"PBS\",\"description\":\"Konsultacijos verslui \u012fvairiose pramon\u0117s veiklos srityse\",\"publisher\":{\"@id\":\"https:\/\/pbs.lt\/#organization\"},\"potentialAction\":[{\"@type\":\"SearchAction\",\"target\":{\"@type\":\"EntryPoint\",\"urlTemplate\":\"https:\/\/pbs.lt\/?s={search_term_string}\"},\"query-input\":{\"@type\":\"PropertyValueSpecification\",\"valueRequired\":true,\"valueName\":\"search_term_string\"}}],\"inLanguage\":\"lv-LV\"},{\"@type\":\"Organization\",\"@id\":\"https:\/\/pbs.lt\/#organization\",\"name\":\"Progressive Business Solutions\",\"url\":\"https:\/\/pbs.lt\/\",\"logo\":{\"@type\":\"ImageObject\",\"inLanguage\":\"lv-LV\",\"@id\":\"https:\/\/pbs.lt\/#\/schema\/logo\/image\/\",\"url\":\"\",\"contentUrl\":\"\",\"caption\":\"Progressive Business Solutions\"},\"image\":{\"@id\":\"https:\/\/pbs.lt\/#\/schema\/logo\/image\/\"},\"sameAs\":[\"https:\/\/www.facebook.com\/pbslt\",\"https:\/\/www.linkedin.com\/company\/2195023\"]}]}<\/script>\n<!-- \/ Yoast SEO plugin. -->","yoast_head_json":{"title":"M\u0113s str\u0101d\u0101jam kop\u0101, lai atrastu pareizos klientus un pieg\u0101d\u0101t\u0101jus - PBS","robots":{"index":"index","follow":"follow","max-snippet":"max-snippet:-1","max-image-preview":"max-image-preview:large","max-video-preview":"max-video-preview:-1"},"canonical":"https:\/\/pbs.lt\/lv\/pakalpojumi\/mes-stradajam-kopa-lai-atrastu-pareizos-klientus-un-piegadatajus\/","og_locale":"lv_LV","og_type":"article","og_title":"M\u0113s str\u0101d\u0101jam kop\u0101, lai atrastu pareizos klientus un pieg\u0101d\u0101t\u0101jus - PBS","og_description":"[vc_row full_width=&#8221;stretch_row&#8221; equal_height=&#8221;yes&#8221; content_placement=&#8221;middle&#8221; bg_type=&#8221;image&#8221; parallax_style=&#8221;vcpb-default&#8221; bg_image_new=&#8221;id^600|url^http:\/\/pbs.lt\/wp-content\/uploads\/2021\/02\/Untitled-design-2021-02-28T103123.277.png|caption^null|alt^null|title^Untitled design &#8211; 2021-02-28T103123.277|description^null&#8221; bg_image_repeat=&#8221;no-repeat&#8221; enable_overlay=&#8221;enable_overlay_value&#8221; overlay_color=&#8221;rgba(0,0,0,0.65)&#8221; css=&#8221;.vc_custom_1614503265097{margin-top: -70px !important;padding-top: 100px !important;padding-bottom: 100px !important;}&#8221;][vc_column width=&#8221;1\/4&#8243; css=&#8221;.vc_custom_1612900944196{background-position: center !important;background-repeat: no-repeat !important;background-size: cover !important;}&#8221;][\/vc_column][vc_column width=&#8221;1\/2&#8243;][vc_custom_heading text=&#8221;M\u0113s str\u0101d\u0101jam kop\u0101, lai atrastu pareizos klientus un pieg\u0101d\u0101t\u0101jus&#8221; font_container=&#8221;tag:h1|text_align:center|color:%23ffffff&#8221; use_theme_fonts=&#8221;yes&#8221; css=&#8221;.vc_custom_1619607603548{margin-bottom: 30px !important;}&#8221;][\/vc_column][vc_column width=&#8221;1\/4&#8243;][\/vc_column][\/vc_row][vc_row css=&#8221;.vc_custom_1612901504735{margin-top: 20px !important;}&#8221;][vc_column][vc_column_text] Uz\u0146\u0113mumam, kas dom\u0101 par izaugsmi, ir \u013coti svar\u012bgi&hellip;","og_url":"https:\/\/pbs.lt\/lv\/pakalpojumi\/mes-stradajam-kopa-lai-atrastu-pareizos-klientus-un-piegadatajus\/","og_site_name":"PBS","article_publisher":"https:\/\/www.facebook.com\/pbslt","og_image":[{"width":1920,"height":836,"url":"https:\/\/pbs.lt\/wp-content\/uploads\/2021\/02\/pbs.tit_.jpg","type":"image\/jpeg"}],"twitter_card":"summary_large_image","twitter_misc":{"Est. reading time":"2 minutes"},"schema":{"@context":"https:\/\/schema.org","@graph":[{"@type":"WebPage","@id":"https:\/\/pbs.lt\/lv\/pakalpojumi\/mes-stradajam-kopa-lai-atrastu-pareizos-klientus-un-piegadatajus\/","url":"https:\/\/pbs.lt\/lv\/pakalpojumi\/mes-stradajam-kopa-lai-atrastu-pareizos-klientus-un-piegadatajus\/","name":"M\u0113s str\u0101d\u0101jam kop\u0101, lai atrastu pareizos klientus un pieg\u0101d\u0101t\u0101jus - PBS","isPartOf":{"@id":"https:\/\/pbs.lt\/#website"},"datePublished":"2023-09-25T11:50:28+00:00","breadcrumb":{"@id":"https:\/\/pbs.lt\/lv\/pakalpojumi\/mes-stradajam-kopa-lai-atrastu-pareizos-klientus-un-piegadatajus\/#breadcrumb"},"inLanguage":"lv-LV","potentialAction":[{"@type":"ReadAction","target":["https:\/\/pbs.lt\/lv\/pakalpojumi\/mes-stradajam-kopa-lai-atrastu-pareizos-klientus-un-piegadatajus\/"]}]},{"@type":"BreadcrumbList","@id":"https:\/\/pbs.lt\/lv\/pakalpojumi\/mes-stradajam-kopa-lai-atrastu-pareizos-klientus-un-piegadatajus\/#breadcrumb","itemListElement":[{"@type":"ListItem","position":1,"name":"Home","item":"https:\/\/pbs.lt\/lv\/"},{"@type":"ListItem","position":2,"name":"Pakalpojumi","item":"https:\/\/pbs.lt\/lv\/pakalpojumi\/"},{"@type":"ListItem","position":3,"name":"M\u0113s str\u0101d\u0101jam kop\u0101, lai atrastu pareizos klientus un pieg\u0101d\u0101t\u0101jus"}]},{"@type":"WebSite","@id":"https:\/\/pbs.lt\/#website","url":"https:\/\/pbs.lt\/","name":"PBS","description":"Konsultacijos verslui \u012fvairiose pramon\u0117s veiklos srityse","publisher":{"@id":"https:\/\/pbs.lt\/#organization"},"potentialAction":[{"@type":"SearchAction","target":{"@type":"EntryPoint","urlTemplate":"https:\/\/pbs.lt\/?s={search_term_string}"},"query-input":{"@type":"PropertyValueSpecification","valueRequired":true,"valueName":"search_term_string"}}],"inLanguage":"lv-LV"},{"@type":"Organization","@id":"https:\/\/pbs.lt\/#organization","name":"Progressive Business Solutions","url":"https:\/\/pbs.lt\/","logo":{"@type":"ImageObject","inLanguage":"lv-LV","@id":"https:\/\/pbs.lt\/#\/schema\/logo\/image\/","url":"","contentUrl":"","caption":"Progressive Business Solutions"},"image":{"@id":"https:\/\/pbs.lt\/#\/schema\/logo\/image\/"},"sameAs":["https:\/\/www.facebook.com\/pbslt","https:\/\/www.linkedin.com\/company\/2195023"]}]}},"_links":{"self":[{"href":"https:\/\/pbs.lt\/lv\/wp-json\/wp\/v2\/pages\/1163","targetHints":{"allow":["GET"]}}],"collection":[{"href":"https:\/\/pbs.lt\/lv\/wp-json\/wp\/v2\/pages"}],"about":[{"href":"https:\/\/pbs.lt\/lv\/wp-json\/wp\/v2\/types\/page"}],"author":[{"embeddable":true,"href":"https:\/\/pbs.lt\/lv\/wp-json\/wp\/v2\/users\/1"}],"replies":[{"embeddable":true,"href":"https:\/\/pbs.lt\/lv\/wp-json\/wp\/v2\/comments?post=1163"}],"version-history":[{"count":2,"href":"https:\/\/pbs.lt\/lv\/wp-json\/wp\/v2\/pages\/1163\/revisions"}],"predecessor-version":[{"id":1165,"href":"https:\/\/pbs.lt\/lv\/wp-json\/wp\/v2\/pages\/1163\/revisions\/1165"}],"up":[{"embeddable":true,"href":"https:\/\/pbs.lt\/lv\/wp-json\/wp\/v2\/pages\/1152"}],"wp:attachment":[{"href":"https:\/\/pbs.lt\/lv\/wp-json\/wp\/v2\/media?parent=1163"}],"curies":[{"name":"wp","href":"https:\/\/api.w.org\/{rel}","templated":true}]}}